{"id":165,"date":"2025-10-29T12:50:40","date_gmt":"2025-10-29T10:50:40","guid":{"rendered":"https:\/\/savvasmirnyagin24.thkit.ee\/wp\/?page_id=165"},"modified":"2025-11-12T16:55:59","modified_gmt":"2025-11-12T14:55:59","slug":"code-first-migration","status":"publish","type":"page","link":"https:\/\/savvasmirnyagin24.thkit.ee\/wp\/code-first-migration\/","title":{"rendered":"Code first migration"},"content":{"rendered":"\n<p>Alguses avan visual studios view<\/p>\n\n\n\n<figure class=\"wp-block-image size-full\"><img loading=\"lazy\" decoding=\"async\" width=\"635\" height=\"62\" src=\"https:\/\/savvasmirnyagin24.thkit.ee\/wp\/wp-content\/uploads\/2025\/10\/image-1.png\" alt=\"\" class=\"wp-image-168\" srcset=\"https:\/\/savvasmirnyagin24.thkit.ee\/wp\/wp-content\/uploads\/2025\/10\/image-1.png 635w, https:\/\/savvasmirnyagin24.thkit.ee\/wp\/wp-content\/uploads\/2025\/10\/image-1-300x29.png 300w, https:\/\/savvasmirnyagin24.thkit.ee\/wp\/wp-content\/uploads\/2025\/10\/image-1-150x15.png 150w\" sizes=\"auto, (max-width: 635px) 100vw, 635px\" \/><\/figure>\n\n\n\n<p>seal leian ja avan SQL server Object Explorer ja kooperin andmebaasi nime<\/p>\n\n\n\n<figure class=\"wp-block-image size-full\"><img loading=\"lazy\" decoding=\"async\" width=\"415\" height=\"112\" src=\"https:\/\/savvasmirnyagin24.thkit.ee\/wp\/wp-content\/uploads\/2025\/10\/image-2.png\" alt=\"\" class=\"wp-image-169\" srcset=\"https:\/\/savvasmirnyagin24.thkit.ee\/wp\/wp-content\/uploads\/2025\/10\/image-2.png 415w, https:\/\/savvasmirnyagin24.thkit.ee\/wp\/wp-content\/uploads\/2025\/10\/image-2-300x81.png 300w, https:\/\/savvasmirnyagin24.thkit.ee\/wp\/wp-content\/uploads\/2025\/10\/image-2-150x40.png 150w\" sizes=\"auto, (max-width: 415px) 100vw, 415px\" \/><\/figure>\n\n\n\n<p>p\u00e4rast tuleb avada appsettings.json ja seal muuta serveri nime selle nimele mis just kopeerisin ja seal samas vahetasin database nime&nbsp;<\/p>\n\n\n\n<figure class=\"wp-block-image size-full\"><img loading=\"lazy\" decoding=\"async\" width=\"631\" height=\"93\" src=\"https:\/\/savvasmirnyagin24.thkit.ee\/wp\/wp-content\/uploads\/2025\/10\/image-3.png\" alt=\"\" class=\"wp-image-170\" srcset=\"https:\/\/savvasmirnyagin24.thkit.ee\/wp\/wp-content\/uploads\/2025\/10\/image-3.png 631w, https:\/\/savvasmirnyagin24.thkit.ee\/wp\/wp-content\/uploads\/2025\/10\/image-3-300x44.png 300w, https:\/\/savvasmirnyagin24.thkit.ee\/wp\/wp-content\/uploads\/2025\/10\/image-3-150x22.png 150w\" sizes=\"auto, (max-width: 631px) 100vw, 631px\" \/><\/figure>\n\n\n\n<p>n\u00fc\u00fcd kirjutan package manager consooli add-migration ja migratiooni nime ja veel tuleb vahetada projecti nime, et see oleks databaseTask.Data<\/p>\n\n\n\n<figure class=\"wp-block-image size-full\"><img loading=\"lazy\" decoding=\"async\" width=\"676\" height=\"69\" src=\"https:\/\/savvasmirnyagin24.thkit.ee\/wp\/wp-content\/uploads\/2025\/10\/image.png\" alt=\"\" class=\"wp-image-167\" srcset=\"https:\/\/savvasmirnyagin24.thkit.ee\/wp\/wp-content\/uploads\/2025\/10\/image.png 676w, https:\/\/savvasmirnyagin24.thkit.ee\/wp\/wp-content\/uploads\/2025\/10\/image-300x31.png 300w, https:\/\/savvasmirnyagin24.thkit.ee\/wp\/wp-content\/uploads\/2025\/10\/image-150x15.png 150w\" sizes=\"auto, (max-width: 676px) 100vw, 676px\" \/><\/figure>\n\n\n\n<p>tekkis migration kausta uus migration mig1, aga see on t\u00fchi, nii et v\u00f5ib selle kustutada, sest seal samas on olemas migration init mis ei ole t\u00fchi.<\/p>\n\n\n\n<figure class=\"wp-block-image size-full\"><img loading=\"lazy\" decoding=\"async\" width=\"676\" height=\"69\" src=\"https:\/\/savvasmirnyagin24.thkit.ee\/wp\/wp-content\/uploads\/2025\/10\/image.png\" alt=\"\" class=\"wp-image-166\" srcset=\"https:\/\/savvasmirnyagin24.thkit.ee\/wp\/wp-content\/uploads\/2025\/10\/image.png 676w, https:\/\/savvasmirnyagin24.thkit.ee\/wp\/wp-content\/uploads\/2025\/10\/image-300x31.png 300w, https:\/\/savvasmirnyagin24.thkit.ee\/wp\/wp-content\/uploads\/2025\/10\/image-150x15.png 150w\" sizes=\"auto, (max-width: 676px) 100vw, 676px\" \/><\/figure>\n\n\n\n<p>viimaseks kirjutan package manager consooli update-database<\/p>\n\n\n\n<figure class=\"wp-block-image size-full\"><img loading=\"lazy\" decoding=\"async\" width=\"470\" height=\"89\" src=\"https:\/\/savvasmirnyagin24.thkit.ee\/wp\/wp-content\/uploads\/2025\/10\/image-5.png\" alt=\"\" class=\"wp-image-172\" srcset=\"https:\/\/savvasmirnyagin24.thkit.ee\/wp\/wp-content\/uploads\/2025\/10\/image-5.png 470w, https:\/\/savvasmirnyagin24.thkit.ee\/wp\/wp-content\/uploads\/2025\/10\/image-5-300x57.png 300w, https:\/\/savvasmirnyagin24.thkit.ee\/wp\/wp-content\/uploads\/2025\/10\/image-5-150x28.png 150w\" sizes=\"auto, (max-width: 470px) 100vw, 470px\" \/><\/figure>\n\n\n\n<p>n\u00fc\u00fcd, et kontrollida avasin microsoft SQL server ja siia tekkis andmebaas DatabaseTask<\/p>\n\n\n\n<figure class=\"wp-block-image size-full\"><img loading=\"lazy\" decoding=\"async\" width=\"277\" height=\"540\" src=\"https:\/\/savvasmirnyagin24.thkit.ee\/wp\/wp-content\/uploads\/2025\/10\/image-4.png\" alt=\"\" class=\"wp-image-171\" srcset=\"https:\/\/savvasmirnyagin24.thkit.ee\/wp\/wp-content\/uploads\/2025\/10\/image-4.png 277w, https:\/\/savvasmirnyagin24.thkit.ee\/wp\/wp-content\/uploads\/2025\/10\/image-4-154x300.png 154w, https:\/\/savvasmirnyagin24.thkit.ee\/wp\/wp-content\/uploads\/2025\/10\/image-4-77x150.png 77w\" sizes=\"auto, (max-width: 277px) 100vw, 277px\" \/><\/figure>\n","protected":false},"excerpt":{"rendered":"<p>Alguses avan visual studios view seal leian ja avan SQL server Object Explorer ja kooperin andmebaasi nime p\u00e4rast tuleb avada appsettings.json ja seal muuta serveri nime selle nimele mis just kopeerisin ja seal samas vahetasin database nime&nbsp; n\u00fc\u00fcd kirjutan package &hellip; <a href=\"https:\/\/savvasmirnyagin24.thkit.ee\/wp\/code-first-migration\/\">J\u00e4tka lugemist <span class=\"meta-nav\">&rarr;<\/span><\/a><\/p>\n","protected":false},"author":1,"featured_media":0,"parent":0,"menu_order":0,"comment_status":"closed","ping_status":"closed","template":"","meta":{"footnotes":""},"class_list":["post-165","page","type-page","status-publish","hentry"],"yoast_head":"<!-- This site is optimized with the Yoast SEO plugin v27.5 - https:\/\/yoast.com\/product\/yoast-seo-wordpress\/ -->\n<title>Code first migration - Savva Smirnyagin portfoolio<\/title>\n<meta name=\"description\" content=\"code first migration\" \/>\n<meta name=\"robots\" content=\"index, follow, max-snippet:-1, max-image-preview:large, max-video-preview:-1\" \/>\n<link rel=\"canonical\" href=\"https:\/\/savvasmirnyagin24.thkit.ee\/wp\/code-first-migration\/\" \/>\n<meta property=\"og:locale\" content=\"et_EE\" \/>\n<meta property=\"og:type\" content=\"article\" \/>\n<meta property=\"og:title\" content=\"Code first migration - Savva Smirnyagin portfoolio\" \/>\n<meta property=\"og:description\" content=\"code first migration\" \/>\n<meta property=\"og:url\" content=\"https:\/\/savvasmirnyagin24.thkit.ee\/wp\/code-first-migration\/\" \/>\n<meta property=\"og:site_name\" content=\"Savva Smirnyagin portfoolio\" \/>\n<meta property=\"article:modified_time\" content=\"2025-11-12T14:55:59+00:00\" \/>\n<meta property=\"og:image\" content=\"https:\/\/savvasmirnyagin24.thkit.ee\/wp\/wp-content\/uploads\/2025\/10\/image-1.png\" \/>\n\t<meta property=\"og:image:width\" content=\"635\" \/>\n\t<meta property=\"og:image:height\" content=\"62\" \/>\n\t<meta property=\"og:image:type\" content=\"image\/png\" \/>\n<meta name=\"twitter:card\" content=\"summary_large_image\" \/>\n<meta name=\"twitter:label1\" content=\"Est. reading time\" \/>\n\t<meta name=\"twitter:data1\" content=\"2 minutit\" \/>\n<script type=\"application\/ld+json\" class=\"yoast-schema-graph\">{\"@context\":\"https:\\\/\\\/schema.org\",\"@graph\":[{\"@type\":\"WebPage\",\"@id\":\"https:\\\/\\\/savvasmirnyagin24.thkit.ee\\\/wp\\\/code-first-migration\\\/\",\"url\":\"https:\\\/\\\/savvasmirnyagin24.thkit.ee\\\/wp\\\/code-first-migration\\\/\",\"name\":\"Code first migration - Savva Smirnyagin portfoolio\",\"isPartOf\":{\"@id\":\"https:\\\/\\\/savvasmirnyagin24.thkit.ee\\\/wp\\\/#website\"},\"primaryImageOfPage\":{\"@id\":\"https:\\\/\\\/savvasmirnyagin24.thkit.ee\\\/wp\\\/code-first-migration\\\/#primaryimage\"},\"image\":{\"@id\":\"https:\\\/\\\/savvasmirnyagin24.thkit.ee\\\/wp\\\/code-first-migration\\\/#primaryimage\"},\"thumbnailUrl\":\"https:\\\/\\\/savvasmirnyagin24.thkit.ee\\\/wp\\\/wp-content\\\/uploads\\\/2025\\\/10\\\/image-1.png\",\"datePublished\":\"2025-10-29T10:50:40+00:00\",\"dateModified\":\"2025-11-12T14:55:59+00:00\",\"description\":\"code first migration\",\"breadcrumb\":{\"@id\":\"https:\\\/\\\/savvasmirnyagin24.thkit.ee\\\/wp\\\/code-first-migration\\\/#breadcrumb\"},\"inLanguage\":\"et\",\"potentialAction\":[{\"@type\":\"ReadAction\",\"target\":[\"https:\\\/\\\/savvasmirnyagin24.thkit.ee\\\/wp\\\/code-first-migration\\\/\"]}]},{\"@type\":\"ImageObject\",\"inLanguage\":\"et\",\"@id\":\"https:\\\/\\\/savvasmirnyagin24.thkit.ee\\\/wp\\\/code-first-migration\\\/#primaryimage\",\"url\":\"https:\\\/\\\/savvasmirnyagin24.thkit.ee\\\/wp\\\/wp-content\\\/uploads\\\/2025\\\/10\\\/image-1.png\",\"contentUrl\":\"https:\\\/\\\/savvasmirnyagin24.thkit.ee\\\/wp\\\/wp-content\\\/uploads\\\/2025\\\/10\\\/image-1.png\",\"width\":635,\"height\":62},{\"@type\":\"BreadcrumbList\",\"@id\":\"https:\\\/\\\/savvasmirnyagin24.thkit.ee\\\/wp\\\/code-first-migration\\\/#breadcrumb\",\"itemListElement\":[{\"@type\":\"ListItem\",\"position\":1,\"name\":\"Home\",\"item\":\"https:\\\/\\\/savvasmirnyagin24.thkit.ee\\\/wp\\\/\"},{\"@type\":\"ListItem\",\"position\":2,\"name\":\"Code first migration\"}]},{\"@type\":\"WebSite\",\"@id\":\"https:\\\/\\\/savvasmirnyagin24.thkit.ee\\\/wp\\\/#website\",\"url\":\"https:\\\/\\\/savvasmirnyagin24.thkit.ee\\\/wp\\\/\",\"name\":\"Savva Smirnyagin portfoolio\",\"description\":\"Noorem Tarkvaraarendaja\",\"potentialAction\":[{\"@type\":\"SearchAction\",\"target\":{\"@type\":\"EntryPoint\",\"urlTemplate\":\"https:\\\/\\\/savvasmirnyagin24.thkit.ee\\\/wp\\\/?s={search_term_string}\"},\"query-input\":{\"@type\":\"PropertyValueSpecification\",\"valueRequired\":true,\"valueName\":\"search_term_string\"}}],\"inLanguage\":\"et\"}]}<\/script>\n<!-- \/ Yoast SEO plugin. -->","yoast_head_json":{"title":"Code first migration - Savva Smirnyagin portfoolio","description":"code first migration","robots":{"index":"index","follow":"follow","max-snippet":"max-snippet:-1","max-image-preview":"max-image-preview:large","max-video-preview":"max-video-preview:-1"},"canonical":"https:\/\/savvasmirnyagin24.thkit.ee\/wp\/code-first-migration\/","og_locale":"et_EE","og_type":"article","og_title":"Code first migration - Savva Smirnyagin portfoolio","og_description":"code first migration","og_url":"https:\/\/savvasmirnyagin24.thkit.ee\/wp\/code-first-migration\/","og_site_name":"Savva Smirnyagin portfoolio","article_modified_time":"2025-11-12T14:55:59+00:00","og_image":[{"width":635,"height":62,"url":"https:\/\/savvasmirnyagin24.thkit.ee\/wp\/wp-content\/uploads\/2025\/10\/image-1.png","type":"image\/png"}],"twitter_card":"summary_large_image","twitter_misc":{"Est. reading time":"2 minutit"},"schema":{"@context":"https:\/\/schema.org","@graph":[{"@type":"WebPage","@id":"https:\/\/savvasmirnyagin24.thkit.ee\/wp\/code-first-migration\/","url":"https:\/\/savvasmirnyagin24.thkit.ee\/wp\/code-first-migration\/","name":"Code first migration - Savva Smirnyagin portfoolio","isPartOf":{"@id":"https:\/\/savvasmirnyagin24.thkit.ee\/wp\/#website"},"primaryImageOfPage":{"@id":"https:\/\/savvasmirnyagin24.thkit.ee\/wp\/code-first-migration\/#primaryimage"},"image":{"@id":"https:\/\/savvasmirnyagin24.thkit.ee\/wp\/code-first-migration\/#primaryimage"},"thumbnailUrl":"https:\/\/savvasmirnyagin24.thkit.ee\/wp\/wp-content\/uploads\/2025\/10\/image-1.png","datePublished":"2025-10-29T10:50:40+00:00","dateModified":"2025-11-12T14:55:59+00:00","description":"code first migration","breadcrumb":{"@id":"https:\/\/savvasmirnyagin24.thkit.ee\/wp\/code-first-migration\/#breadcrumb"},"inLanguage":"et","potentialAction":[{"@type":"ReadAction","target":["https:\/\/savvasmirnyagin24.thkit.ee\/wp\/code-first-migration\/"]}]},{"@type":"ImageObject","inLanguage":"et","@id":"https:\/\/savvasmirnyagin24.thkit.ee\/wp\/code-first-migration\/#primaryimage","url":"https:\/\/savvasmirnyagin24.thkit.ee\/wp\/wp-content\/uploads\/2025\/10\/image-1.png","contentUrl":"https:\/\/savvasmirnyagin24.thkit.ee\/wp\/wp-content\/uploads\/2025\/10\/image-1.png","width":635,"height":62},{"@type":"BreadcrumbList","@id":"https:\/\/savvasmirnyagin24.thkit.ee\/wp\/code-first-migration\/#breadcrumb","itemListElement":[{"@type":"ListItem","position":1,"name":"Home","item":"https:\/\/savvasmirnyagin24.thkit.ee\/wp\/"},{"@type":"ListItem","position":2,"name":"Code first migration"}]},{"@type":"WebSite","@id":"https:\/\/savvasmirnyagin24.thkit.ee\/wp\/#website","url":"https:\/\/savvasmirnyagin24.thkit.ee\/wp\/","name":"Savva Smirnyagin portfoolio","description":"Noorem Tarkvaraarendaja","potentialAction":[{"@type":"SearchAction","target":{"@type":"EntryPoint","urlTemplate":"https:\/\/savvasmirnyagin24.thkit.ee\/wp\/?s={search_term_string}"},"query-input":{"@type":"PropertyValueSpecification","valueRequired":true,"valueName":"search_term_string"}}],"inLanguage":"et"}]}},"_links":{"self":[{"href":"https:\/\/savvasmirnyagin24.thkit.ee\/wp\/wp-json\/wp\/v2\/pages\/165","targetHints":{"allow":["GET"]}}],"collection":[{"href":"https:\/\/savvasmirnyagin24.thkit.ee\/wp\/wp-json\/wp\/v2\/pages"}],"about":[{"href":"https:\/\/savvasmirnyagin24.thkit.ee\/wp\/wp-json\/wp\/v2\/types\/page"}],"author":[{"embeddable":true,"href":"https:\/\/savvasmirnyagin24.thkit.ee\/wp\/wp-json\/wp\/v2\/users\/1"}],"replies":[{"embeddable":true,"href":"https:\/\/savvasmirnyagin24.thkit.ee\/wp\/wp-json\/wp\/v2\/comments?post=165"}],"version-history":[{"count":1,"href":"https:\/\/savvasmirnyagin24.thkit.ee\/wp\/wp-json\/wp\/v2\/pages\/165\/revisions"}],"predecessor-version":[{"id":173,"href":"https:\/\/savvasmirnyagin24.thkit.ee\/wp\/wp-json\/wp\/v2\/pages\/165\/revisions\/173"}],"wp:attachment":[{"href":"https:\/\/savvasmirnyagin24.thkit.ee\/wp\/wp-json\/wp\/v2\/media?parent=165"}],"curies":[{"name":"wp","href":"https:\/\/api.w.org\/{rel}","templated":true}]}}